{"id":3076,"date":"2021-04-19T15:53:13","date_gmt":"2021-04-19T15:53:13","guid":{"rendered":"https:\/\/inflector.wpengine.com\/?page_id=3076"},"modified":"2023-04-27T14:41:13","modified_gmt":"2023-04-27T14:41:13","slug":"communiquer-avec-nous","status":"publish","type":"page","link":"https:\/\/inflector.ca\/fr\/communiquer-avec-nous\/","title":{"rendered":"Communiquer Avec Nous"},"content":{"rendered":"\n<h2 class=\"wp-block-heading\" id=\"#travailler\">TRAVAILLER \u00c0 INFLECTOR<\/h2>\n\n\n\n<p>Vous recherchez un milieu de travail qui offre des possibilit\u00e9s de croissance et d\u2019apprentissage continu, ainsi qu\u2019une excellente r\u00e9mun\u00e9ration? Que diriez-vous d\u2019une entreprise en plein essor qui r\u00e9alise toujours des projets dynamiques et vari\u00e9s dans des lieux divers? Vous voulez vous sentir valoris\u00e9.e et \u00eatre r\u00e9compens\u00e9.e pour votre travail?<\/p>\n\n\n\n<p>Alors, vous devriez travailler \u00e0 Inflector.<\/p>\n\n\n\n<p>Dirig\u00e9e par Jeffery W. Clarke, Inflector est une entreprise florissante et dynamique, aux racines bien ancr\u00e9es et \u00e0 la r\u00e9putation enviable dans le domaine des services environnementaux. Si vous \u00eates comp\u00e9tent.e sur le terrain, sur les premi\u00e8res lignes ou au bureau, nous voulons vous rencontrer.<\/p>\n\n\n\n<p>Nous ne communiquerons qu\u2019avec les candidat.e.s qualifi\u00e9.e.s. Nous desservons l\u2019Est ontarien, le Qu\u00e9bec, le Canada atlantique et l\u2019Ouest canadien. Au Qu\u00e9bec, toute personne qui effectue des travaux de construction doit \u00eatre titulaire d\u2019une licence d\u00e9livr\u00e9e par la R\u00e9gie du b\u00e2timent du Qu\u00e9bec (RBQ). Inflector est titulaire d\u2019une licence RBQ 8320-1350-30.<\/p>\n","protected":false},"excerpt":{"rendered":"<p>TRAVAILLER \u00c0 INFLECTOR Vous recherchez un milieu de travail qui offre des possibilit\u00e9s de croissance et d\u2019apprentissage continu, ainsi qu\u2019une excellente r\u00e9mun\u00e9ration? Que diriez-vous d\u2019une entreprise en plein essor qui r\u00e9alise toujours des projets dynamiques et vari\u00e9s dans des lieux divers? Vous voulez vous sentir valoris\u00e9.e et \u00eatre r\u00e9compens\u00e9.e pour votre travail? Alors, vous devriez [&#8230;]<\/p>\n<p><a class=\"btn btn-secondary understrap-read-more-link\" href=\"https:\/\/inflector.ca\/fr\/communiquer-avec-nous\/\">Read More&#8230;<span class=\"screen-reader-text\"> from Communiquer Avec Nous<\/span><\/a><\/p>\n","protected":false},"author":1,"featured_media":0,"parent":0,"menu_order":0,"comment_status":"closed","ping_status":"closed","template":"page-templates\/template-contactus.php","meta":{"_acf_changed":false,"cybocfi_hide_featured_image":"","footnotes":""},"class_list":["post-3076","page","type-page","status-publish","hentry"],"acf":[],"yoast_head":"<!-- This site is optimized with the Yoast SEO plugin v27.3 - https:\/\/yoast.com\/product\/yoast-seo-wordpress\/ -->\n<title>Communiquer Avec Nous - Inflector<\/title>\n<meta name=\"description\" content=\"Avez-vous une question concernant notre \u00e9quipe ou nos services? N\u2019h\u00e9sitez pas \u00e0 nous contacter par t\u00e9l\u00e9phone, par courriel ou en remplissant notre formulaire de contact.\" \/>\n<meta name=\"robots\" content=\"index, follow, max-snippet:-1, max-image-preview:large, max-video-preview:-1\" \/>\n<link rel=\"canonical\" href=\"https:\/\/inflector.ca\/fr\/communiquer-avec-nous\/\" \/>\n<meta property=\"og:locale\" content=\"fr_CA\" \/>\n<meta property=\"og:type\" content=\"article\" \/>\n<meta property=\"og:title\" content=\"Communiquer Avec Nous - Inflector\" \/>\n<meta property=\"og:description\" content=\"Avez-vous une question concernant notre \u00e9quipe ou nos services? N\u2019h\u00e9sitez pas \u00e0 nous contacter par t\u00e9l\u00e9phone, par courriel ou en remplissant notre formulaire de contact.\" \/>\n<meta property=\"og:url\" content=\"https:\/\/inflector.ca\/fr\/communiquer-avec-nous\/\" \/>\n<meta property=\"og:site_name\" content=\"Inflector\" \/>\n<meta property=\"article:modified_time\" content=\"2023-04-27T14:41:13+00:00\" \/>\n<meta name=\"twitter:card\" content=\"summary_large_image\" \/>\n<meta name=\"twitter:label1\" content=\"Estimation du temps de lecture\" \/>\n\t<meta name=\"twitter:data1\" content=\"1 minute\" \/>\n<!-- \/ Yoast SEO plugin. -->","yoast_head_json":{"title":"Communiquer Avec Nous - Inflector","description":"Avez-vous une question concernant notre \u00e9quipe ou nos services? N\u2019h\u00e9sitez pas \u00e0 nous contacter par t\u00e9l\u00e9phone, par courriel ou en remplissant notre formulaire de contact.","robots":{"index":"index","follow":"follow","max-snippet":"max-snippet:-1","max-image-preview":"max-image-preview:large","max-video-preview":"max-video-preview:-1"},"canonical":"https:\/\/inflector.ca\/fr\/communiquer-avec-nous\/","og_locale":"fr_CA","og_type":"article","og_title":"Communiquer Avec Nous - Inflector","og_description":"Avez-vous une question concernant notre \u00e9quipe ou nos services? N\u2019h\u00e9sitez pas \u00e0 nous contacter par t\u00e9l\u00e9phone, par courriel ou en remplissant notre formulaire de contact.","og_url":"https:\/\/inflector.ca\/fr\/communiquer-avec-nous\/","og_site_name":"Inflector","article_modified_time":"2023-04-27T14:41:13+00:00","twitter_card":"summary_large_image","twitter_misc":{"Estimation du temps de lecture":"1 minute"},"schema":{"@context":"https:\/\/schema.org","@graph":[{"@type":"WebPage","@id":"https:\/\/inflector.ca\/fr\/communiquer-avec-nous\/","url":"https:\/\/inflector.ca\/fr\/communiquer-avec-nous\/","name":"Communiquer Avec Nous - Inflector","isPartOf":{"@id":"https:\/\/inflector.ca\/fr\/#website"},"datePublished":"2021-04-19T15:53:13+00:00","dateModified":"2023-04-27T14:41:13+00:00","description":"Avez-vous une question concernant notre \u00e9quipe ou nos services? N\u2019h\u00e9sitez pas \u00e0 nous contacter par t\u00e9l\u00e9phone, par courriel ou en remplissant notre formulaire de contact.","breadcrumb":{"@id":"https:\/\/inflector.ca\/fr\/communiquer-avec-nous\/#breadcrumb"},"inLanguage":"fr-CA","potentialAction":[{"@type":"ReadAction","target":["https:\/\/inflector.ca\/fr\/communiquer-avec-nous\/"]}]},{"@type":"BreadcrumbList","@id":"https:\/\/inflector.ca\/fr\/communiquer-avec-nous\/#breadcrumb","itemListElement":[{"@type":"ListItem","position":1,"name":"Home","item":"https:\/\/inflector.ca\/fr\/"},{"@type":"ListItem","position":2,"name":"Communiquer Avec Nous"}]},{"@type":"WebSite","@id":"https:\/\/inflector.ca\/fr\/#website","url":"https:\/\/inflector.ca\/fr\/","name":"Inflector","description":"Inflector Environmental Services","publisher":{"@id":"https:\/\/inflector.ca\/fr\/#organization"},"potentialAction":[{"@type":"SearchAction","target":{"@type":"EntryPoint","urlTemplate":"https:\/\/inflector.ca\/fr\/?s={search_term_string}"},"query-input":{"@type":"PropertyValueSpecification","valueRequired":true,"valueName":"search_term_string"}}],"inLanguage":"fr-CA"},{"@type":"Organization","@id":"https:\/\/inflector.ca\/fr\/#organization","name":"Inflector Environmental Services","url":"https:\/\/inflector.ca\/fr\/","logo":{"@type":"ImageObject","inLanguage":"fr-CA","@id":"https:\/\/inflector.ca\/fr\/#\/schema\/logo\/image\/","url":"https:\/\/inflector.ca\/wp-content\/uploads\/2020\/12\/newlogo.png","contentUrl":"https:\/\/inflector.ca\/wp-content\/uploads\/2020\/12\/newlogo.png","width":261,"height":71,"caption":"Inflector Environmental Services"},"image":{"@id":"https:\/\/inflector.ca\/fr\/#\/schema\/logo\/image\/"}}]}},"_links":{"self":[{"href":"https:\/\/inflector.ca\/fr\/wp-json\/wp\/v2\/pages\/3076","targetHints":{"allow":["GET"]}}],"collection":[{"href":"https:\/\/inflector.ca\/fr\/wp-json\/wp\/v2\/pages"}],"about":[{"href":"https:\/\/inflector.ca\/fr\/wp-json\/wp\/v2\/types\/page"}],"author":[{"embeddable":true,"href":"https:\/\/inflector.ca\/fr\/wp-json\/wp\/v2\/users\/1"}],"replies":[{"embeddable":true,"href":"https:\/\/inflector.ca\/fr\/wp-json\/wp\/v2\/comments?post=3076"}],"version-history":[{"count":0,"href":"https:\/\/inflector.ca\/fr\/wp-json\/wp\/v2\/pages\/3076\/revisions"}],"wp:attachment":[{"href":"https:\/\/inflector.ca\/fr\/wp-json\/wp\/v2\/media?parent=3076"}],"curies":[{"name":"wp","href":"https:\/\/api.w.org\/{rel}","templated":true}]}}