{"id":2679,"date":"2021-04-30T13:16:58","date_gmt":"2021-04-30T13:16:58","guid":{"rendered":"https:\/\/inflector.wpengine.com\/?page_id=2679"},"modified":"2023-07-20T17:13:14","modified_gmt":"2023-07-20T17:13:14","slug":"accreditations","status":"publish","type":"page","link":"https:\/\/inflector.ca\/fr\/accreditations\/","title":{"rendered":"Accr\u00e9ditations"},"content":{"rendered":"","protected":false},"excerpt":{"rendered":"<p> [&#8230;]<\/p>\n<p><a class=\"btn btn-secondary understrap-read-more-link\" href=\"https:\/\/inflector.ca\/fr\/accreditations\/\">Read More&#8230;<span class=\"screen-reader-text\"> from Accr\u00e9ditations<\/span><\/a><\/p>\n","protected":false},"author":1,"featured_media":0,"parent":0,"menu_order":0,"comment_status":"closed","ping_status":"closed","template":"page-templates\/flexible-content.php","meta":{"_acf_changed":false,"cybocfi_hide_featured_image":"","footnotes":""},"class_list":["post-2679","page","type-page","status-publish","hentry"],"acf":[],"yoast_head":"<!-- This site is optimized with the Yoast SEO plugin v27.3 - https:\/\/yoast.com\/product\/yoast-seo-wordpress\/ -->\n<title>Accr\u00e9ditations - Inflector<\/title>\n<meta name=\"description\" content=\"Inflector est fi\u00e8re de sa certification et de sa conformit\u00e9 \u00e0 tous les organismes de r\u00e9glementation requis pour le travail qu\u2019elle effectue.\" \/>\n<meta name=\"robots\" content=\"index, follow, max-snippet:-1, max-image-preview:large, max-video-preview:-1\" \/>\n<link rel=\"canonical\" href=\"https:\/\/inflector.ca\/fr\/accreditations\/\" \/>\n<meta property=\"og:locale\" content=\"fr_CA\" \/>\n<meta property=\"og:type\" content=\"article\" \/>\n<meta property=\"og:title\" content=\"Accr\u00e9ditations - Inflector\" \/>\n<meta property=\"og:description\" content=\"Inflector est fi\u00e8re de sa certification et de sa conformit\u00e9 \u00e0 tous les organismes de r\u00e9glementation requis pour le travail qu\u2019elle effectue.\" \/>\n<meta property=\"og:url\" content=\"https:\/\/inflector.ca\/fr\/accreditations\/\" \/>\n<meta property=\"og:site_name\" content=\"Inflector\" \/>\n<meta property=\"article:modified_time\" content=\"2023-07-20T17:13:14+00:00\" \/>\n<meta name=\"twitter:card\" content=\"summary_large_image\" \/>\n<!-- \/ Yoast SEO plugin. -->","yoast_head_json":{"title":"Accr\u00e9ditations - Inflector","description":"Inflector est fi\u00e8re de sa certification et de sa conformit\u00e9 \u00e0 tous les organismes de r\u00e9glementation requis pour le travail qu\u2019elle effectue.","robots":{"index":"index","follow":"follow","max-snippet":"max-snippet:-1","max-image-preview":"max-image-preview:large","max-video-preview":"max-video-preview:-1"},"canonical":"https:\/\/inflector.ca\/fr\/accreditations\/","og_locale":"fr_CA","og_type":"article","og_title":"Accr\u00e9ditations - Inflector","og_description":"Inflector est fi\u00e8re de sa certification et de sa conformit\u00e9 \u00e0 tous les organismes de r\u00e9glementation requis pour le travail qu\u2019elle effectue.","og_url":"https:\/\/inflector.ca\/fr\/accreditations\/","og_site_name":"Inflector","article_modified_time":"2023-07-20T17:13:14+00:00","twitter_card":"summary_large_image","schema":{"@context":"https:\/\/schema.org","@graph":[{"@type":"WebPage","@id":"https:\/\/inflector.ca\/fr\/accreditations\/","url":"https:\/\/inflector.ca\/fr\/accreditations\/","name":"Accr\u00e9ditations - Inflector","isPartOf":{"@id":"https:\/\/inflector.ca\/fr\/#website"},"datePublished":"2021-04-30T13:16:58+00:00","dateModified":"2023-07-20T17:13:14+00:00","description":"Inflector est fi\u00e8re de sa certification et de sa conformit\u00e9 \u00e0 tous les organismes de r\u00e9glementation requis pour le travail qu\u2019elle effectue.","breadcrumb":{"@id":"https:\/\/inflector.ca\/fr\/accreditations\/#breadcrumb"},"inLanguage":"fr-CA","potentialAction":[{"@type":"ReadAction","target":["https:\/\/inflector.ca\/fr\/accreditations\/"]}]},{"@type":"BreadcrumbList","@id":"https:\/\/inflector.ca\/fr\/accreditations\/#breadcrumb","itemListElement":[{"@type":"ListItem","position":1,"name":"Home","item":"https:\/\/inflector.ca\/fr\/"},{"@type":"ListItem","position":2,"name":"Accr\u00e9ditations"}]},{"@type":"WebSite","@id":"https:\/\/inflector.ca\/fr\/#website","url":"https:\/\/inflector.ca\/fr\/","name":"Inflector","description":"Inflector Environmental Services","publisher":{"@id":"https:\/\/inflector.ca\/fr\/#organization"},"potentialAction":[{"@type":"SearchAction","target":{"@type":"EntryPoint","urlTemplate":"https:\/\/inflector.ca\/fr\/?s={search_term_string}"},"query-input":{"@type":"PropertyValueSpecification","valueRequired":true,"valueName":"search_term_string"}}],"inLanguage":"fr-CA"},{"@type":"Organization","@id":"https:\/\/inflector.ca\/fr\/#organization","name":"Inflector Environmental Services","url":"https:\/\/inflector.ca\/fr\/","logo":{"@type":"ImageObject","inLanguage":"fr-CA","@id":"https:\/\/inflector.ca\/fr\/#\/schema\/logo\/image\/","url":"https:\/\/inflector.ca\/wp-content\/uploads\/2020\/12\/newlogo.png","contentUrl":"https:\/\/inflector.ca\/wp-content\/uploads\/2020\/12\/newlogo.png","width":261,"height":71,"caption":"Inflector Environmental Services"},"image":{"@id":"https:\/\/inflector.ca\/fr\/#\/schema\/logo\/image\/"}}]}},"_links":{"self":[{"href":"https:\/\/inflector.ca\/fr\/wp-json\/wp\/v2\/pages\/2679","targetHints":{"allow":["GET"]}}],"collection":[{"href":"https:\/\/inflector.ca\/fr\/wp-json\/wp\/v2\/pages"}],"about":[{"href":"https:\/\/inflector.ca\/fr\/wp-json\/wp\/v2\/types\/page"}],"author":[{"embeddable":true,"href":"https:\/\/inflector.ca\/fr\/wp-json\/wp\/v2\/users\/1"}],"replies":[{"embeddable":true,"href":"https:\/\/inflector.ca\/fr\/wp-json\/wp\/v2\/comments?post=2679"}],"version-history":[{"count":0,"href":"https:\/\/inflector.ca\/fr\/wp-json\/wp\/v2\/pages\/2679\/revisions"}],"wp:attachment":[{"href":"https:\/\/inflector.ca\/fr\/wp-json\/wp\/v2\/media?parent=2679"}],"curies":[{"name":"wp","href":"https:\/\/api.w.org\/{rel}","templated":true}]}}