{"id":2635,"date":"2021-04-30T13:18:58","date_gmt":"2021-04-30T13:18:58","guid":{"rendered":"https:\/\/inflector.wpengine.com\/?page_id=2635"},"modified":"2023-02-23T16:20:18","modified_gmt":"2023-02-23T16:20:18","slug":"home","status":"publish","type":"page","link":"https:\/\/inflector.ca\/fr\/","title":{"rendered":"Home"},"content":{"rendered":"","protected":false},"excerpt":{"rendered":"<p> [&#8230;]<\/p>\n<p><a class=\"btn btn-secondary understrap-read-more-link\" href=\"https:\/\/inflector.ca\/fr\/\">Read More&#8230;<span class=\"screen-reader-text\"> from Home<\/span><\/a><\/p>\n","protected":false},"author":1,"featured_media":2699,"parent":0,"menu_order":0,"comment_status":"closed","ping_status":"closed","template":"page-templates\/flexible-content.php","meta":{"_acf_changed":false,"cybocfi_hide_featured_image":"","footnotes":""},"class_list":["post-2635","page","type-page","status-publish","has-post-thumbnail","hentry"],"acf":[],"yoast_head":"<!-- This site is optimized with the Yoast SEO plugin v27.3 - https:\/\/yoast.com\/product\/yoast-seo-wordpress\/ -->\n<title>Prestataire Environnemental - Inflector<\/title>\n<meta name=\"description\" content=\"Inflector Environmental Services s\u2019est forg\u00e9e une r\u00e9putation de prestataire de solutions de premi\u00e8re qualit\u00e9, m\u00eame pour les projets les plus complexes. Contactez-nous d\u00e8s aujourd\u2019hui :\" \/>\n<meta name=\"robots\" content=\"index, follow, max-snippet:-1, max-image-preview:large, max-video-preview:-1\" \/>\n<link rel=\"canonical\" href=\"https:\/\/inflector.ca\/fr\/\" \/>\n<meta property=\"og:locale\" content=\"fr_CA\" \/>\n<meta property=\"og:type\" content=\"article\" \/>\n<meta property=\"og:title\" content=\"Prestataire Environnemental - Inflector\" \/>\n<meta property=\"og:description\" content=\"Inflector Environmental Services s\u2019est forg\u00e9e une r\u00e9putation de prestataire de solutions de premi\u00e8re qualit\u00e9, m\u00eame pour les projets les plus complexes. Contactez-nous d\u00e8s aujourd\u2019hui :\" \/>\n<meta property=\"og:url\" content=\"https:\/\/inflector.ca\/fr\/\" \/>\n<meta property=\"og:site_name\" content=\"Inflector\" \/>\n<meta property=\"article:modified_time\" content=\"2023-02-23T16:20:18+00:00\" \/>\n<meta property=\"og:image\" content=\"https:\/\/inflector.ca\/wp-content\/uploads\/2020\/12\/IMG_2149-1-1.jpg\" \/>\n\t<meta property=\"og:image:width\" content=\"1439\" \/>\n\t<meta property=\"og:image:height\" content=\"715\" \/>\n\t<meta property=\"og:image:type\" content=\"image\/jpeg\" \/>\n<meta name=\"twitter:card\" content=\"summary_large_image\" \/>\n<!-- \/ Yoast SEO plugin. -->","yoast_head_json":{"title":"Prestataire Environnemental - Inflector","description":"Inflector Environmental Services s\u2019est forg\u00e9e une r\u00e9putation de prestataire de solutions de premi\u00e8re qualit\u00e9, m\u00eame pour les projets les plus complexes. Contactez-nous d\u00e8s aujourd\u2019hui :","robots":{"index":"index","follow":"follow","max-snippet":"max-snippet:-1","max-image-preview":"max-image-preview:large","max-video-preview":"max-video-preview:-1"},"canonical":"https:\/\/inflector.ca\/fr\/","og_locale":"fr_CA","og_type":"article","og_title":"Prestataire Environnemental - Inflector","og_description":"Inflector Environmental Services s\u2019est forg\u00e9e une r\u00e9putation de prestataire de solutions de premi\u00e8re qualit\u00e9, m\u00eame pour les projets les plus complexes. Contactez-nous d\u00e8s aujourd\u2019hui :","og_url":"https:\/\/inflector.ca\/fr\/","og_site_name":"Inflector","article_modified_time":"2023-02-23T16:20:18+00:00","og_image":[{"width":1439,"height":715,"url":"https:\/\/inflector.ca\/wp-content\/uploads\/2020\/12\/IMG_2149-1-1.jpg","type":"image\/jpeg"}],"twitter_card":"summary_large_image","schema":{"@context":"https:\/\/schema.org","@graph":[{"@type":"WebPage","@id":"https:\/\/inflector.ca\/fr\/","url":"https:\/\/inflector.ca\/fr\/","name":"Prestataire Environnemental - Inflector","isPartOf":{"@id":"https:\/\/inflector.ca\/fr\/#website"},"primaryImageOfPage":{"@id":"https:\/\/inflector.ca\/fr\/#primaryimage"},"image":{"@id":"https:\/\/inflector.ca\/fr\/#primaryimage"},"thumbnailUrl":"https:\/\/inflector.ca\/wp-content\/uploads\/2020\/12\/IMG_2149-1-1.jpg","datePublished":"2021-04-30T13:18:58+00:00","dateModified":"2023-02-23T16:20:18+00:00","description":"Inflector Environmental Services s\u2019est forg\u00e9e une r\u00e9putation de prestataire de solutions de premi\u00e8re qualit\u00e9, m\u00eame pour les projets les plus complexes. Contactez-nous d\u00e8s aujourd\u2019hui :","breadcrumb":{"@id":"https:\/\/inflector.ca\/fr\/#breadcrumb"},"inLanguage":"fr-CA","potentialAction":[{"@type":"ReadAction","target":["https:\/\/inflector.ca\/fr\/"]}]},{"@type":"ImageObject","inLanguage":"fr-CA","@id":"https:\/\/inflector.ca\/fr\/#primaryimage","url":"https:\/\/inflector.ca\/wp-content\/uploads\/2020\/12\/IMG_2149-1-1.jpg","contentUrl":"https:\/\/inflector.ca\/wp-content\/uploads\/2020\/12\/IMG_2149-1-1.jpg","width":1439,"height":715},{"@type":"BreadcrumbList","@id":"https:\/\/inflector.ca\/fr\/#breadcrumb","itemListElement":[{"@type":"ListItem","position":1,"name":"Home","item":"https:\/\/inflector.ca\/fr\/"},{"@type":"ListItem","position":2,"name":"Home"}]},{"@type":"WebSite","@id":"https:\/\/inflector.ca\/fr\/#website","url":"https:\/\/inflector.ca\/fr\/","name":"Inflector","description":"Inflector Environmental Services","publisher":{"@id":"https:\/\/inflector.ca\/fr\/#organization"},"potentialAction":[{"@type":"SearchAction","target":{"@type":"EntryPoint","urlTemplate":"https:\/\/inflector.ca\/fr\/?s={search_term_string}"},"query-input":{"@type":"PropertyValueSpecification","valueRequired":true,"valueName":"search_term_string"}}],"inLanguage":"fr-CA"},{"@type":"Organization","@id":"https:\/\/inflector.ca\/fr\/#organization","name":"Inflector Environmental Services","url":"https:\/\/inflector.ca\/fr\/","logo":{"@type":"ImageObject","inLanguage":"fr-CA","@id":"https:\/\/inflector.ca\/fr\/#\/schema\/logo\/image\/","url":"https:\/\/inflector.ca\/wp-content\/uploads\/2020\/12\/newlogo.png","contentUrl":"https:\/\/inflector.ca\/wp-content\/uploads\/2020\/12\/newlogo.png","width":261,"height":71,"caption":"Inflector Environmental Services"},"image":{"@id":"https:\/\/inflector.ca\/fr\/#\/schema\/logo\/image\/"}}]}},"_links":{"self":[{"href":"https:\/\/inflector.ca\/fr\/wp-json\/wp\/v2\/pages\/2635","targetHints":{"allow":["GET"]}}],"collection":[{"href":"https:\/\/inflector.ca\/fr\/wp-json\/wp\/v2\/pages"}],"about":[{"href":"https:\/\/inflector.ca\/fr\/wp-json\/wp\/v2\/types\/page"}],"author":[{"embeddable":true,"href":"https:\/\/inflector.ca\/fr\/wp-json\/wp\/v2\/users\/1"}],"replies":[{"embeddable":true,"href":"https:\/\/inflector.ca\/fr\/wp-json\/wp\/v2\/comments?post=2635"}],"version-history":[{"count":0,"href":"https:\/\/inflector.ca\/fr\/wp-json\/wp\/v2\/pages\/2635\/revisions"}],"wp:featuredmedia":[{"embeddable":true,"href":"https:\/\/inflector.ca\/fr\/wp-json\/wp\/v2\/media\/2699"}],"wp:attachment":[{"href":"https:\/\/inflector.ca\/fr\/wp-json\/wp\/v2\/media?parent=2635"}],"curies":[{"name":"wp","href":"https:\/\/api.w.org\/{rel}","templated":true}]}}